{"id":2242,"date":"2016-07-16T14:39:40","date_gmt":"2016-07-16T14:39:40","guid":{"rendered":"http:\/\/lafranglaisedesign.com\/elf\/privacy-cookies\/?lang=fr"},"modified":"2018-06-21T11:20:33","modified_gmt":"2018-06-21T11:20:33","slug":"mentions-legales","status":"publish","type":"page","link":"https:\/\/earllesfromentaux.com\/fr\/mentions-legales\/","title":{"rendered":"Mentions l\u00e9gales"},"content":{"rendered":"<p>Politique de Confidentialit\u00e9<br \/>\nLe propri\u00e9taire de ce site web ainsi que le Contr\u00f4leur de Donn\u00e9es est<\/p>\n<p>Sue Manning<br \/>\nEARL Les Fromentaux<br \/>\n10 rte de Vilenne<br \/>\n36200 Celon<br \/>\n<a href=\"mailto:jrmanning.12@btinternet.com\">jrmanning.12@btinternet.com<\/a><\/p>\n<p>SIRET 80078073600016<\/p>\n<p>Le site web est h\u00e9berg\u00e9 par<br \/>\nParagon Internet Group t\/a Tsohost<br \/>\n113-114 Buckingham Avenue<br \/>\nSlough, SL1 4PF<br \/>\nTel : 0800 024 2931<\/p>\n<p>Cette politique vous informe sur la mani\u00e8re dont nous collectons et traitons vos donn\u00e9es \u00e0 caract\u00e8re personnel lorsque vous utilisez ce site web www.earllesfromentaux.com<br \/>\nEn nous fournissant vos donn\u00e9es, vous nous garantissez que vous avez 13 ans ou plus.<br \/>\nVotre vie priv\u00e9e est tr\u00e8s importante pour nous et par cons\u00e9quent, nous ne traitons vos donn\u00e9es \u00e0 caract\u00e8re personnel qu\u2019afin de pouvoir r\u00e9pondre \u00e0 vos questions et fournir les services que vous demandez ou bien pour respecter des obligations l\u00e9gales. Vos donn\u00e9es \u00e0 caract\u00e8re personnel ne seront jamais partag\u00e9es avec de tierces parties pour des fins de marketing et nous ne vous enverrons pas de mat\u00e9riel publicitaire sans votre accord pr\u00e9alable.<br \/>\nNous avons mis en place de mesures de s\u00e9curit\u00e9 afin d\u2019emp\u00eacher que vos donn\u00e9es \u00e0 caract\u00e8re personnel puissent \u00eatre perdues, utilis\u00e9es, modifi\u00e9es, divulgu\u00e9es ou consult\u00e9es sans autorisation.<br \/>\nLorsque vous devenez un client, vous vous abonnez automatiquement \u00e0 notre liste de distribution et nous vous tiendrons inform\u00e9 des offres sp\u00e9ciales, informations nouvelles et \u00e9v\u00e8nements nouveaux qui pourraient vous int\u00e9resser, vous ou votre entreprise. Si vous ne souhaitez plus recevoir ces informations, vous pouvez vous d\u00e9sabonner de notre liste de diffusion \u00e0 tout moment via le lien qui se trouve dans le courriel.<br \/>\nSi vous vous retirez de la liste de diffusion de communication marketing, cette action ne s\u2019applique pas \u00e0 des donn\u00e9es \u00e0 caract\u00e8re personnel n\u00e9cessaires pour traiter des communications ou des transactions qui sont dans notre int\u00e9r\u00eat l\u00e9gitime.<br \/>\nIl est tr\u00e8s important que les informations que nous avons vous concernant soient exactes et \u00e0 jour. Nous vous remercions de nous tenir inform\u00e9s de tout changement concernant vos donn\u00e9es \u00e0 caract\u00e8re personnel en nous \u00e9crivant \u00e0 l\u2019adresse mail jrmanning.12@btinternet.com<\/p>\n<p>Nous contacter<br \/>\nSi vous utilisez notre formulaire de contact, vous nous donnerez donc volontairement vos donn\u00e9es \u00e0 caract\u00e8re personnel. Les informations que vous saisissez dans le formulaire de contact seront crypt\u00e9es, comme l\u2019indiquera l\u2019ic\u00f4ne \u00ab\u00a0cadenas\u00a0\u00bb dans la barre d\u2019adresse de votre navigateur, et nous seront envoy\u00e9es par courriel.<br \/>\nVotre adresse IP et toutes les donn\u00e9es contenues dans les messages que vous nous adressez seront stock\u00e9s dans des fichiers journaux sur les serveurs d\u2019h\u00e9bergement.<\/p>\n<p>Commentaires<br \/>\nLorsque les visiteurs laissent des commentaires sur le site, nous collectons les donn\u00e9es affich\u00e9es dans le formulaire de commentaires, ainsi que l&rsquo;adresse IP du visiteur et la cha\u00eene de l&rsquo;agent utilisateur du navigateur pour aider \u00e0 la d\u00e9tection des spams.<\/p>\n<p>Une cha\u00eene anonymis\u00e9e cr\u00e9\u00e9e \u00e0 partir de votre adresse e-mail (\u00e9galement appel\u00e9e hash) peut \u00eatre fournie au service Gravatar pour voir si vous l&rsquo;utilisez. La politique de confidentialit\u00e9 du service Gravatar est disponible ici: https:\/\/automattic.com\/privacy\/. Apr\u00e8s approbation de votre commentaire, votre photo de profil est visible au public dans le cadre de votre commentaire.<\/p>\n<p>Si vous laissez un commentaire sur notre site, vous pouvez choisir d&rsquo;enregistrer votre nom, votre adresse e-mail et votre site web dans des cookies. Ceux-ci sont pour votre commodit\u00e9 afin que vous n&rsquo;ayez pas \u00e0 remplir \u00e0 nouveau vos coordonn\u00e9es lorsque vous laissez un autre commentaire. Ces cookies dureront un an.<\/p>\n<p>Si vous avez un compte et que vous vous connectez \u00e0 ce site, nous \u00e9tablirons un cookie temporaire pour d\u00e9terminer si votre navigateur accepte les cookies. Ce cookie ne contient aucune donn\u00e9e personnelle et est ignor\u00e9 lorsque vous fermez votre navigateur.<\/p>\n<p>Lorsque vous vous connectez, nous allons \u00e9galement configurer plusieurs cookies pour enregistrer vos informations de connexion et vos choix d&rsquo;affichage \u00e0 l&rsquo;\u00e9cran. Les cookies de connexion durent deux jours et les cookies d&rsquo;options d&rsquo;\u00e9cran durent un an. Si vous s\u00e9lectionnez \u00ab\u00a0Se souvenir de moi\u00a0\u00bb, votre connexion persistera pendant deux semaines. Si vous vous d\u00e9connectez de votre compte, les cookies de connexion seront supprim\u00e9s.<\/p>\n<p>Les commentaires des visiteurs peuvent \u00eatre v\u00e9rifi\u00e9s via un service de d\u00e9tection automatique de spam.<\/p>\n<p>Conservation de donn\u00e9es<br \/>\nNous ne conserverons que vos donn\u00e9es \u00e0 caract\u00e8re personnel qu\u2019aussi longtemps que n\u00e9cessaire pour les fins pour lesquelles nous les avons collect\u00e9es, y compris pour satisfaire toute obligation l\u00e9gale, de comptabilit\u00e9 et d\u2019exigences de d\u00e9clarations.<\/p>\n<p>Divulgation de vos donn\u00e9es \u00e0 caract\u00e8re personnel<br \/>\nNous serons peut-\u00eatre dans l\u2019obligation de partager vos donn\u00e9es \u00e0 caract\u00e8re personnel avec les parties tierces \u00e9num\u00e9r\u00e9s ci-dessous\u00a0:<br \/>\nLes prestataires de services informatiques et d\u2019administration de syst\u00e8me<br \/>\nDes conseillers professionnels tels que des avocats, banquiers, assureurs, auditeurs et assureurs<br \/>\nDes organismes gouvernementaux qui nous obligent \u00e0 fournir des rapports sur nos activit\u00e9s de traitement.<br \/>\nNous exigeons que toutes les tierces parties \u00e0 qui nous transf\u00e9rons vos donn\u00e9es respectent la confidentialit\u00e9 de vos donn\u00e9es \u00e0 caract\u00e8re personnel et les traitent conform\u00e9ment \u00e0 la loi. Nous n\u2019autorisons ces parties tierces \u00e0 traiter vos donn\u00e9es \u00e0 caract\u00e8re personnel que pour des fins sp\u00e9cifiques et en respectant les instructions que nous leurs donnons.<br \/>\nLes pays en dehors de l\u2019Espace \u00e9conomique europ\u00e9en (EEE) n\u2019offrent pas toujours les m\u00eames niveaux de protection \u00e0 vos donn\u00e9es \u00e0 caract\u00e8re personnel. La loi europ\u00e9enne interdit donc les transferts de donn\u00e9es en dehors de l\u2019EEE sauf si le transfert r\u00e9pond \u00e0 certains crit\u00e8res.<br \/>\nBeaucoup de nos prestataires tiers de services se situent en dehors de l\u2019Espace \u00e9conomique europ\u00e9en (EEE), par cons\u00e9quent, leur traitement de vos donn\u00e9es \u00e0 caract\u00e8re personnel impliquera un transfert de donn\u00e9es en dehors de l\u2019EEE, \u00e0 moins que le transfert ne r\u00e9ponde \u00e0 certains crit\u00e8res.<br \/>\nQuand nous transf\u00e9rons vos donn\u00e9es \u00e0 caract\u00e8re personnel en dehors de l\u2019EEE, nous faisons de notre mieux pour assurer qu\u2019un m\u00eame niveau de confidentialit\u00e9 \u00e0 l\u2019\u00e9gard des donn\u00e9es soit appliqu\u00e9 en assurant qu\u2019au moins une des mesures de protection suivantes soit garanties\u00a0:<br \/>\nNous ne transf\u00e9rons vos donn\u00e9es \u00e0 caract\u00e8re personnel qu\u2019\u00e0 des pays que la Commission Europ\u00e9enne a approuv\u00e9 comme fournissant un niveau de confidentialit\u00e9 suffisant pour les donn\u00e9es \u00e0 caract\u00e8re personnel ; ou<br \/>\nQuand nous faisons appel \u00e0 certains prestataires de services, nous pouvons \u00eatre amen\u00e9s \u00e0 utiliser des contrats ou codes de conduites sp\u00e9cifiques, ou certains m\u00e9canismes approuv\u00e9s par la Commission Europ\u00e9enne qui donnent aux donn\u00e9es \u00e0 caract\u00e8re personnel la m\u00eame protection qu\u2019en Europe\u00a0; ou<br \/>\nSi nous faisons appel \u00e0 des prestataires provenant des \u00c9tats-Unis qui font partie du Bouclier de protection de donn\u00e9es UE-\u00c9tats-Unis, nous pouvons leur transf\u00e9rer des donn\u00e9es car ils utilisent des mesures de protection \u00e9quivalentes.<br \/>\nSi aucune des mesures de protection ci-dessus n\u2019est disponible, nous pouvons \u00eatre amen\u00e9s \u00e0 vous demander votre consentement explicite pour le transfert en question. Vous aurez le droit de retirer votre consentement \u00e0 tout moment.<\/p>\n<p>Vos droits<br \/>\nLe R\u00e8glement G\u00e9n\u00e9ral sur la Protection de Donn\u00e9es (RGPD) vous donne le droit de nous demander de confirmer, fournir, rectifier ou supprimer toute information que nous d\u00e9tenons sur vous. Si vous d\u00e9cidez d\u2019exercer un ou plusieurs de ces droits, veuillez nous contacter. Il peut s\u2019av\u00e9rer n\u00e9cessaire pour nous de vous demander certaines informations afin de confirmer votre identit\u00e9 et de v\u00e9rifier votre droit d\u2019acc\u00e9der \u00e0 vos donn\u00e9es \u00e0 caract\u00e8re personnel (ou d\u2019exercer un ou plusieurs de vos autres droits). Ceci est une mesure de s\u00e9curit\u00e9 afin d\u2019assurer que les donn\u00e9es \u00e0 caract\u00e8re personnel ne soient pas divulgu\u00e9es \u00e0 des personnes qui ne d\u00e9tiennent pas le droit de les recevoir. Nous pouvons aussi vous contacter pour vous demander plus d\u2019informations concernant votre demande afin d\u2019acc\u00e9l\u00e9rer notre r\u00e9ponse.<\/p>\n<p>Sites Web de tierces parties<br \/>\nCe site peut contenir des liens vers des sites Web de tierces parties, modules d\u2019extensions et applications. Cliquer sur ces liens ou activer ces connections peut autoriser de tierces parties \u00e0 collecter ou partager des donn\u00e9es qui vous concernent. Nous ne contr\u00f4lons pas ces sites Web de tierces parties et nous ne sommes pas responsables pour leurs d\u00e9clarations de confidentialit\u00e9. Quand vous quittez notre site Web, nous vous encourageons \u00e0 lire les politiques de confidentialit\u00e9 de chaque site Web que vous visitez.<\/p>\n<p>Cookies<br \/>\nCe site Web utilise des cookies pour surveiller le trafic et permettre le partage sur les r\u00e9seaux sociaux. La plupart des sites Web utilisent des cookies pour am\u00e9liorer la fonctionnalit\u00e9 et la facilit\u00e9 d\u2019utilisation. Les cookies sont de tout petits fichiers de donn\u00e9es qui sont utilis\u00e9s pour stocker des informations dans votre navigateur. Si vous d\u00e9sactivez ou refusez d\u2019accepter les cookies, soyez inform\u00e9 que certaines parties de ce site Web peuvent devenir inaccessibles ou ne pas fonctionner correctement.<\/p>\n<p>Google Analytics<br \/>\nNous utilisons Google Analytics pour obtenir des informations concernant la mani\u00e8re dont le site Web est utilis\u00e9. Votre adresse IP est sauvegard\u00e9e dans ce cookie mais les donn\u00e9es collect\u00e9es sont anonymes et ne peuvent pas \u00eatre utilis\u00e9s pour identifier des utilisateurs individuels.<\/p>\n<p>Script de Cookie<br \/>\nQuand vous cliquez sur \u00ab\u00a0J\u2019accepte\u00a0\u00bb sur notre banni\u00e8re de consentement aux cookies, un cookie est activ\u00e9 pour qu\u2019il ne vous soit pas de nouveau demand\u00e9 de confirmer votre acceptation lorsque vous reviendrez sur le site Web avant 1 mois.<br \/>\nSi vous avez des doutes \u00e0 propos des cookies, vous pouvez les contr\u00f4ler ou les supprimer \u00e0 tout moment depuis votre navigateur Web. La fonction Aide dans votre navigateur vous expliquera comment faire.<br \/>\nPour savoir comment supprimer des cookies dans le navigateur de votre t\u00e9l\u00e9phone portable, veuillez vous reporter au manuel de votre t\u00e9l\u00e9phone.<\/p>\n","protected":false},"excerpt":{"rendered":"<p>Politique de Confidentialit\u00e9 Le propri\u00e9taire de ce site web ainsi que le Contr\u00f4leur de Donn\u00e9es est Sue Manning EARL Les Fromentaux 10 rte de Vilenne 36200 Celon jrmanning.12@btinternet.com SIRET 80078073600016 Le site web est h\u00e9berg\u00e9 par Paragon Internet Group t\/a Tsohost 113-114 Buckingham Avenue Slough, SL1 4PF Tel : 0800 024 2931 Cette politique vous [&hellip;]<\/p>\n","protected":false},"author":2,"featured_media":0,"parent":0,"menu_order":0,"comment_status":"closed","ping_status":"closed","template":"","meta":{"footnotes":""},"class_list":["post-2242","page","type-page","status-publish","hentry"],"aioseo_notices":[],"_links":{"self":[{"href":"https:\/\/earllesfromentaux.com\/fr\/wp-json\/wp\/v2\/pages\/2242","targetHints":{"allow":["GET"]}}],"collection":[{"href":"https:\/\/earllesfromentaux.com\/fr\/wp-json\/wp\/v2\/pages"}],"about":[{"href":"https:\/\/earllesfromentaux.com\/fr\/wp-json\/wp\/v2\/types\/page"}],"author":[{"embeddable":true,"href":"https:\/\/earllesfromentaux.com\/fr\/wp-json\/wp\/v2\/users\/2"}],"replies":[{"embeddable":true,"href":"https:\/\/earllesfromentaux.com\/fr\/wp-json\/wp\/v2\/comments?post=2242"}],"version-history":[{"count":5,"href":"https:\/\/earllesfromentaux.com\/fr\/wp-json\/wp\/v2\/pages\/2242\/revisions"}],"predecessor-version":[{"id":2515,"href":"https:\/\/earllesfromentaux.com\/fr\/wp-json\/wp\/v2\/pages\/2242\/revisions\/2515"}],"wp:attachment":[{"href":"https:\/\/earllesfromentaux.com\/fr\/wp-json\/wp\/v2\/media?parent=2242"}],"curies":[{"name":"wp","href":"https:\/\/api.w.org\/{rel}","templated":true}]}}