{"id":2245,"date":"2016-07-16T09:57:51","date_gmt":"2016-07-16T09:57:51","guid":{"rendered":"http:\/\/lafranglaisedesign.com\/elf\/fr\/catering\/"},"modified":"2020-08-06T08:13:33","modified_gmt":"2020-08-06T08:13:33","slug":"cote-traiteur","status":"publish","type":"page","link":"https:\/\/earllesfromentaux.com\/fr\/cote-traiteur\/","title":{"rendered":"C\u00f4t\u00e9 traiteur"},"content":{"rendered":"<div class=\"wpb-content-wrapper\"><p>[vc_row css=\u00a0\u00bb.vc_custom_1470749980029{padding-top: 20px !important;padding-bottom: 10px !important;}\u00a0\u00bb][vc_column width=\u00a0\u00bb1\/2&Prime;][vc_column_text]<\/p>\n<h1>C\u00f4t\u00e9 Traiteur<\/h1>\n<p>Petit ou grand, formel ou informel, nous saurons vous proposer un menu qui satisfera vos go\u00fbts et votre budget. Anniversaire, f\u00eate de c\u00e9l\u00e9bration, mariage, quelle que soit l\u2019occasion, nous pouvons vous aider\u00a0!<\/p>\n<p><img loading=\"lazy\" decoding=\"async\" class=\"alignleft wp-image-2306 size-thumbnail\" src=\"http:\/\/www.earllesfromentaux.com\/wp-content\/uploads\/2016\/07\/ellen-logo-150x150.png\" alt=\"The Farmhouse Kitchen\" width=\"150\" height=\"150\" srcset=\"https:\/\/earllesfromentaux.com\/wp-content\/uploads\/2016\/07\/ellen-logo-150x150.png 150w, https:\/\/earllesfromentaux.com\/wp-content\/uploads\/2016\/07\/ellen-logo-300x300.png 300w, https:\/\/earllesfromentaux.com\/wp-content\/uploads\/2016\/07\/ellen-logo-100x100.png 100w\" sizes=\"auto, (max-width: 150px) 100vw, 150px\" \/>Gr\u00e2ce \u00e0 notre <strong>Farmhouse Kitchen<\/strong>, laissez-nous vous \u00e9pargner le stress, en vous offrant un service rentable en toute confiance, n\u2019utilisant que les meilleurs ingr\u00e9dients locaux et de saison.<\/p>\n<p><a href=\"http:\/\/www.earllesfromentaux.com\/fr\/contact\/\">Contactez-nous<\/a> d\u00e8s \u00e0 pr\u00e9sent pour des exemples de menus et tarifs. Il nous est si pr\u00e9cieux d\u2019\u00e9changer directement avec vous afin de comprendre vos besoins individuels et ainsi vous proposer le menu sur mesure parfait pour votre journ\u00e9e sp\u00e9ciale.[\/vc_column_text][\/vc_column][vc_column width=\u00a0\u00bb1\/2&Prime;][vc_single_image image=\u00a0\u00bb2344&Prime; img_size=\u00a0\u00bblarge\u00a0\u00bb][\/vc_column][\/vc_row][vc_row css=\u00a0\u00bb.vc_custom_1470749317612{padding-top: 10px !important;padding-bottom: 10px !important;}\u00a0\u00bb][vc_column][vc_masonry_media_grid element_width=\u00a0\u00bb3&Prime; item=\u00a0\u00bbmediaGrid_Default\u00a0\u00bb grid_id=\u00a0\u00bbvc_gid:1596701577750-7b62e036-10a1-2&Prime; include=\u00a0\u00bb2336,2150,2337,2149,2147,2146,2145,2338&Prime;][\/vc_column][\/vc_row]<\/p>\n<\/div>","protected":false},"excerpt":{"rendered":"<p>[vc_row css=\u00a0\u00bb.vc_custom_1470749980029{padding-top: 20px !important;padding-bottom: 10px !important;}\u00a0\u00bb][vc_column width=\u00a0\u00bb1\/2&Prime;][vc_column_text] C\u00f4t\u00e9 Traiteur Petit ou grand, formel ou informel, nous saurons vous proposer un menu qui satisfera vos go\u00fbts et votre budget. Anniversaire, f\u00eate de c\u00e9l\u00e9bration, mariage, quelle que soit l\u2019occasion, nous pouvons vous aider\u00a0! Gr\u00e2ce \u00e0 notre Farmhouse Kitchen, laissez-nous vous \u00e9pargner le stress, en vous offrant un [&hellip;]<\/p>\n","protected":false},"author":2,"featured_media":0,"parent":0,"menu_order":0,"comment_status":"closed","ping_status":"closed","template":"","meta":{"footnotes":""},"class_list":["post-2245","page","type-page","status-publish","hentry"],"aioseo_notices":[],"_links":{"self":[{"href":"https:\/\/earllesfromentaux.com\/fr\/wp-json\/wp\/v2\/pages\/2245","targetHints":{"allow":["GET"]}}],"collection":[{"href":"https:\/\/earllesfromentaux.com\/fr\/wp-json\/wp\/v2\/pages"}],"about":[{"href":"https:\/\/earllesfromentaux.com\/fr\/wp-json\/wp\/v2\/types\/page"}],"author":[{"embeddable":true,"href":"https:\/\/earllesfromentaux.com\/fr\/wp-json\/wp\/v2\/users\/2"}],"replies":[{"embeddable":true,"href":"https:\/\/earllesfromentaux.com\/fr\/wp-json\/wp\/v2\/comments?post=2245"}],"version-history":[{"count":6,"href":"https:\/\/earllesfromentaux.com\/fr\/wp-json\/wp\/v2\/pages\/2245\/revisions"}],"predecessor-version":[{"id":2729,"href":"https:\/\/earllesfromentaux.com\/fr\/wp-json\/wp\/v2\/pages\/2245\/revisions\/2729"}],"wp:attachment":[{"href":"https:\/\/earllesfromentaux.com\/fr\/wp-json\/wp\/v2\/media?parent=2245"}],"curies":[{"name":"wp","href":"https:\/\/api.w.org\/{rel}","templated":true}]}}