{"id":2250,"date":"2016-07-16T09:59:04","date_gmt":"2016-07-16T09:59:04","guid":{"rendered":"http:\/\/lafranglaisedesign.com\/elf\/fr\/gallery-2\/"},"modified":"2016-08-10T09:26:20","modified_gmt":"2016-08-10T09:26:20","slug":"galerie-photos","status":"publish","type":"page","link":"https:\/\/earllesfromentaux.com\/fr\/galerie-photos\/","title":{"rendered":"Galerie photos"},"content":{"rendered":"<div class=\"wpb-content-wrapper\"><p>[vc_row][vc_column][vc_column_text]<\/p>\n<h1>Prenez le temps de fl\u00e2ner sur les diff\u00e9rentes facettes de Earl Les Fromentaux !<\/h1>\n<p>La vie \u00e0 la ferme peut s\u2019av\u00e9rer rude, il s\u2019agit de bien plus que de simplement fournir une viande de qualit\u00e9 sup\u00e9rieure, au-del\u00e0 d\u2019une entreprise, il s\u2019agit avant tout d\u2019un mode de vie\u00a0![\/vc_column_text]<div class=\"go-gallery menu-left menu-show size-medium style-squared\" id=\"go-3c28a2\" data-gap=\"10\" data-border-color=\"#ffffff\" data-lightbox=\"no\" data-desc-color=\"#000\" data-menu-color=\"#ffffff\" data-menu-bg=\"#000\" data-menu-bg-hover=\"#ff0000\" data-menu-gap=\"4\" data-bg=\"#ffffff\" data-border-size=\"5\" data-overlay-color=\"rgba(255, 255, 255, 0.4)\"><ul class=\"go-gallery-filters\"><li><a data-filter=\"\" href=\"#\">Voir la Totalit\u00e9<\/a><\/li><li><a data-filter=\"le-paysage\" href=\"#\">Le Paysage<\/a><\/li><li><a data-filter=\"lentreprise\" href=\"#\">L\u2019Entreprise<\/a><\/li><li><a data-filter=\"notre-betail\" href=\"#\">Notre B\u00e9tail<\/a><\/li><li><a data-filter=\"cote-traiteur\" href=\"#\">C\u00f4t\u00e9 Traiteur<\/a><\/li><li><a data-filter=\"la-vie-a-la-ferme\" href=\"#\">La vie \u00e0 la Ferme<\/a><\/li><\/ul><div class=\"go-gallery-list-wrapper\"><ul class=\"go-gallery-list\"><\/ul><\/div><\/div>[\/vc_column][\/vc_row]<\/p>\n<\/div>","protected":false},"excerpt":{"rendered":"<p>[vc_row][vc_column][vc_column_text] Prenez le temps de fl\u00e2ner sur les diff\u00e9rentes facettes de Earl Les Fromentaux ! La vie \u00e0 la ferme peut s\u2019av\u00e9rer rude, il s\u2019agit de bien plus que de simplement fournir une viande de qualit\u00e9 sup\u00e9rieure, au-del\u00e0 d\u2019une entreprise, il s\u2019agit avant tout d\u2019un mode de vie\u00a0![\/vc_column_text][\/vc_column][\/vc_row]<\/p>\n","protected":false},"author":2,"featured_media":0,"parent":0,"menu_order":0,"comment_status":"closed","ping_status":"closed","template":"","meta":{"footnotes":""},"class_list":["post-2250","page","type-page","status-publish","hentry"],"aioseo_notices":[],"_links":{"self":[{"href":"https:\/\/earllesfromentaux.com\/fr\/wp-json\/wp\/v2\/pages\/2250","targetHints":{"allow":["GET"]}}],"collection":[{"href":"https:\/\/earllesfromentaux.com\/fr\/wp-json\/wp\/v2\/pages"}],"about":[{"href":"https:\/\/earllesfromentaux.com\/fr\/wp-json\/wp\/v2\/types\/page"}],"author":[{"embeddable":true,"href":"https:\/\/earllesfromentaux.com\/fr\/wp-json\/wp\/v2\/users\/2"}],"replies":[{"embeddable":true,"href":"https:\/\/earllesfromentaux.com\/fr\/wp-json\/wp\/v2\/comments?post=2250"}],"version-history":[{"count":3,"href":"https:\/\/earllesfromentaux.com\/fr\/wp-json\/wp\/v2\/pages\/2250\/revisions"}],"predecessor-version":[{"id":2255,"href":"https:\/\/earllesfromentaux.com\/fr\/wp-json\/wp\/v2\/pages\/2250\/revisions\/2255"}],"wp:attachment":[{"href":"https:\/\/earllesfromentaux.com\/fr\/wp-json\/wp\/v2\/media?parent=2250"}],"curies":[{"name":"wp","href":"https:\/\/api.w.org\/{rel}","templated":true}]}}