{"id":2257,"date":"2014-07-21T10:58:05","date_gmt":"2014-07-21T10:58:05","guid":{"rendered":"http:\/\/lafranglaisedesign.com\/elf\/fr\/contact\/"},"modified":"2026-03-24T14:48:09","modified_gmt":"2026-03-24T14:48:09","slug":"contact","status":"publish","type":"page","link":"https:\/\/earllesfromentaux.com\/fr\/contact\/","title":{"rendered":"Contact"},"content":{"rendered":"<div class=\"wpb-content-wrapper\"><p>[vc_row bgprecolor=\u00a0\u00bbskin\u00a0\u00bb css=\u00a0\u00bb.vc_custom_1406029015838{padding-bottom: 0px !important;}\u00a0\u00bb][vc_column][vc_gmaps link=\u00a0\u00bb#E-8_JTNDaWZyYW1lJTIwc3JjJTNEJTIyaHR0cHMlM0ElMkYlMkZ3d3cuZ29vZ2xlLmNvbSUyRm1hcHMlMkZlbWJlZCUzRnBiJTNEJTIxMW0xOCUyMTFtMTIlMjExbTMlMjExZDI3NDQuNzkwODcxMjA5MDY1MiUyMTJkMS41MTg0MzMzMTU1OTM1Mjk3JTIxM2Q0Ni41MzIwMzk5NzkxMjgwMyUyMTJtMyUyMTFmMCUyMTJmMCUyMTNmMCUyMTNtMiUyMTFpMTAyNCUyMTJpNzY4JTIxNGYxMy4xJTIxM20zJTIxMW0yJTIxMXMweDQ3ZmI5MzYzYTYwNWIwNWQlMjUzQTB4M2UwMWUxN2ZiNTc4Y2U3NyUyMTJzRWFybCUyQkxlcyUyQkZyb21lbnRhdXglMjE1ZTAlMjEzbTIlMjExc2VuJTIxMnNmciUyMTR2MTQ2ODY2NDI3OTgxOCUyMiUyMHdpZHRoJTNEJTIyODAwJTIyJTIwaGVpZ2h0JTNEJTIyNjAwJTIyJTIwZnJhbWVib3JkZXIlM0QlMjIwJTIyJTIwc3R5bGUlM0QlMjJib3JkZXIlM0EwJTIyJTIwYWxsb3dmdWxsc2NyZWVuJTNFJTNDJTJGaWZyYW1lJTNF\u00a0\u00bb size=\u00a0\u00bb450&Prime;][\/vc_column][\/vc_row][vc_row bgprecolor=\u00a0\u00bbskin\u00a0\u00bb css=\u00a0\u00bb.vc_custom_1452937816376{padding-top: 40px !important;}\u00a0\u00bb][vc_column width=\u00a0\u00bb2\/3&Prime;]<header class=\"thememount-heading-wrapper thememount-heading-wrapper-align-left\"><div class=\"thememount-heading-wrapper-inner\"><h2 class=\"thememount-heading-align-left\"><span>Une Question? Contactez-nous ci-dessous<\/span><\/h2><\/div><p class=\"thememount-subheading\">Si vous avez quelque question que ce soit, concernant nos produits, surtout n\u2019h\u00e9sitez pas \u00e0 nous contacter en remplissant le formulaire ci-dessous et nous vous r\u00e9pondrons aussi vite que possible, merci.<\/p><\/header>\n<div class=\"wpcf7 no-js\" id=\"wpcf7-f2260-o1\" lang=\"en-US\" dir=\"ltr\" data-wpcf7-id=\"2260\">\n<div class=\"screen-reader-response\"><p role=\"status\" aria-live=\"polite\" aria-atomic=\"true\"><\/p> <ul><\/ul><\/div>\n<form action=\"\/fr\/wp-json\/wp\/v2\/pages\/2257#wpcf7-f2260-o1\" method=\"post\" class=\"wpcf7-form init\" aria-label=\"Contact form\" novalidate=\"novalidate\" data-status=\"init\">\n<fieldset class=\"hidden-fields-container\"><input type=\"hidden\" name=\"_wpcf7\" value=\"2260\" \/><input type=\"hidden\" name=\"_wpcf7_version\" value=\"6.1.5\" \/><input type=\"hidden\" name=\"_wpcf7_locale\" value=\"en_US\" \/><input type=\"hidden\" name=\"_wpcf7_unit_tag\" value=\"wpcf7-f2260-o1\" \/><input type=\"hidden\" name=\"_wpcf7_container_post\" value=\"0\" \/><input type=\"hidden\" name=\"_wpcf7_posted_data_hash\" value=\"\" \/><input type=\"hidden\" name=\"_wpcf7_recaptcha_response\" value=\"\" \/>\n<\/fieldset>\n<p>Votre nom (obligatoire)\n<\/p>\n<p><span class=\"wpcf7-form-control-wrap\" data-name=\"your-name\"><input size=\"40\" maxlength=\"400\" class=\"wpcf7-form-control wpcf7-text wpcf7-validates-as-required\" aria-required=\"true\" aria-invalid=\"false\" value=\"\" type=\"text\" name=\"your-name\" \/><\/span>\n<\/p>\n<p>Votre email (obligatoire)\n<\/p>\n<p><span class=\"wpcf7-form-control-wrap\" data-name=\"your-email\"><input size=\"40\" maxlength=\"400\" class=\"wpcf7-form-control wpcf7-email wpcf7-validates-as-required wpcf7-text wpcf7-validates-as-email\" aria-required=\"true\" aria-invalid=\"false\" value=\"\" type=\"email\" name=\"your-email\" \/><\/span>\n<\/p>\n<p>Sujet\n<\/p>\n<p><span class=\"wpcf7-form-control-wrap\" data-name=\"your-subject\"><input size=\"40\" maxlength=\"400\" class=\"wpcf7-form-control wpcf7-text\" aria-invalid=\"false\" value=\"\" type=\"text\" name=\"your-subject\" \/><\/span>\n<\/p>\n<p>Message\n<\/p>\n<p><span class=\"wpcf7-form-control-wrap\" data-name=\"your-message\"><textarea cols=\"40\" rows=\"10\" maxlength=\"2000\" class=\"wpcf7-form-control wpcf7-textarea\" aria-invalid=\"false\" name=\"your-message\"><\/textarea><\/span>\n<\/p>\n<p><input class=\"wpcf7-form-control wpcf7-submit has-spinner\" type=\"submit\" value=\"Envoyer\" \/>\n<\/p><div class=\"wpcf7-response-output\" aria-hidden=\"true\"><\/div>\n<\/form>\n<\/div>\n[\/vc_column][vc_column width=\u00a0\u00bb1\/3&Prime;]<header class=\"thememount-heading-wrapper thememount-heading-wrapper-align-left\"><div class=\"thememount-heading-wrapper-inner\"><h2 class=\"thememount-heading-align-left\"><span>CONTACT INFO<\/span><\/h2><\/div><\/header>[vc_single_image image=\u00a0\u00bb2553&Prime; img_size=\u00a0\u00bbfull\u00a0\u00bb]<ul class=\"thememount_vc_contact_wrapper\"><li class=\"thememount-contact-phonenumber tmicon-fa-phone\">0254 253473 \/ 0684615239<\/li><li class=\"thememount-contact-email tmicon-fa-envelope-o\"><a href=\"mailto:info@earllesfromentaux.com\">info@earllesfromentaux.com<\/a><\/li><li class=\"thememount-contact-website tmicon-fa-globe\"><a href=\"http:\/\/www.earllesfromentaux.com\">www.earllesfromentaux.com<\/a><\/li><li class=\"thememount-contact-address  tmicon-fa-map-marker\">EARL Les Fromentaux,<br \/>\n10 route de Vilenne<br \/>\n36200 Celon<\/li><li class=\"thememount-contact-time tmicon-fa-clock-o\">Vendredi de 11 h \u00e0 16 h<br \/>\nSamedi de 11 h \u00e0 16 h<\/li><\/ul>[\/vc_column][\/vc_row]<\/p>\n<\/div>","protected":false},"excerpt":{"rendered":"<p>[vc_row bgprecolor=\u00a0\u00bbskin\u00a0\u00bb css=\u00a0\u00bb.vc_custom_1406029015838{padding-bottom: 0px !important;}\u00a0\u00bb][vc_column][vc_gmaps link=\u00a0\u00bb#E-8_JTNDaWZyYW1lJTIwc3JjJTNEJTIyaHR0cHMlM0ElMkYlMkZ3d3cuZ29vZ2xlLmNvbSUyRm1hcHMlMkZlbWJlZCUzRnBiJTNEJTIxMW0xOCUyMTFtMTIlMjExbTMlMjExZDI3NDQuNzkwODcxMjA5MDY1MiUyMTJkMS41MTg0MzMzMTU1OTM1Mjk3JTIxM2Q0Ni41MzIwMzk5NzkxMjgwMyUyMTJtMyUyMTFmMCUyMTJmMCUyMTNmMCUyMTNtMiUyMTFpMTAyNCUyMTJpNzY4JTIxNGYxMy4xJTIxM20zJTIxMW0yJTIxMXMweDQ3ZmI5MzYzYTYwNWIwNWQlMjUzQTB4M2UwMWUxN2ZiNTc4Y2U3NyUyMTJzRWFybCUyQkxlcyUyQkZyb21lbnRhdXglMjE1ZTAlMjEzbTIlMjExc2VuJTIxMnNmciUyMTR2MTQ2ODY2NDI3OTgxOCUyMiUyMHdpZHRoJTNEJTIyODAwJTIyJTIwaGVpZ2h0JTNEJTIyNjAwJTIyJTIwZnJhbWVib3JkZXIlM0QlMjIwJTIyJTIwc3R5bGUlM0QlMjJib3JkZXIlM0EwJTIyJTIwYWxsb3dmdWxsc2NyZWVuJTNFJTNDJTJGaWZyYW1lJTNF\u00a0\u00bb size=\u00a0\u00bb450&Prime;][\/vc_column][\/vc_row][vc_row bgprecolor=\u00a0\u00bbskin\u00a0\u00bb css=\u00a0\u00bb.vc_custom_1452937816376{padding-top: 40px !important;}\u00a0\u00bb][vc_column width=\u00a0\u00bb2\/3&Prime;][\/vc_column][vc_column width=\u00a0\u00bb1\/3&Prime;][vc_single_image image=\u00a0\u00bb2553&Prime; img_size=\u00a0\u00bbfull\u00a0\u00bb][\/vc_column][\/vc_row]<\/p>\n","protected":false},"author":2,"featured_media":0,"parent":0,"menu_order":15,"comment_status":"closed","ping_status":"closed","template":"","meta":{"footnotes":""},"class_list":["post-2257","page","type-page","status-publish","hentry"],"aioseo_notices":[],"_links":{"self":[{"href":"https:\/\/earllesfromentaux.com\/fr\/wp-json\/wp\/v2\/pages\/2257","targetHints":{"allow":["GET"]}}],"collection":[{"href":"https:\/\/earllesfromentaux.com\/fr\/wp-json\/wp\/v2\/pages"}],"about":[{"href":"https:\/\/earllesfromentaux.com\/fr\/wp-json\/wp\/v2\/types\/page"}],"author":[{"embeddable":true,"href":"https:\/\/earllesfromentaux.com\/fr\/wp-json\/wp\/v2\/users\/2"}],"replies":[{"embeddable":true,"href":"https:\/\/earllesfromentaux.com\/fr\/wp-json\/wp\/v2\/comments?post=2257"}],"version-history":[{"count":7,"href":"https:\/\/earllesfromentaux.com\/fr\/wp-json\/wp\/v2\/pages\/2257\/revisions"}],"predecessor-version":[{"id":3444,"href":"https:\/\/earllesfromentaux.com\/fr\/wp-json\/wp\/v2\/pages\/2257\/revisions\/3444"}],"wp:attachment":[{"href":"https:\/\/earllesfromentaux.com\/fr\/wp-json\/wp\/v2\/media?parent=2257"}],"curies":[{"name":"wp","href":"https:\/\/api.w.org\/{rel}","templated":true}]}}