{"id":2259,"date":"2016-07-16T09:56:37","date_gmt":"2016-07-16T09:56:37","guid":{"rendered":"http:\/\/lafranglaisedesign.com\/elf\/fr\/orders-delivery\/"},"modified":"2022-11-19T12:23:08","modified_gmt":"2022-11-19T12:23:08","slug":"commandes-livraison","status":"publish","type":"page","link":"https:\/\/earllesfromentaux.com\/fr\/commandes-livraison\/","title":{"rendered":"Commandes &#038; Livraison"},"content":{"rendered":"<div class=\"wpb-content-wrapper\"><p>[vc_row][vc_column][vc_column_text]<\/p>\n<h2><img loading=\"lazy\" decoding=\"async\" class=\"alignright size-thumbnail wp-image-2306\" src=\"http:\/\/www.earllesfromentaux.com\/wp-content\/uploads\/2016\/07\/ellen-logo-150x150.png\" alt=\"The Farmhouse Kitchen\" width=\"150\" height=\"150\" srcset=\"https:\/\/earllesfromentaux.com\/wp-content\/uploads\/2016\/07\/ellen-logo-150x150.png 150w, https:\/\/earllesfromentaux.com\/wp-content\/uploads\/2016\/07\/ellen-logo-300x300.png 300w, https:\/\/earllesfromentaux.com\/wp-content\/uploads\/2016\/07\/ellen-logo-100x100.png 100w\" sizes=\"auto, (max-width: 150px) 100vw, 150px\" \/>Commandes, Collecte et Livraison<\/h2>\n<p>Vous pouvez commander via notre site en ligne, par email, t\u00e9l\u00e9phone (<strong>02 54 25 34 73<\/strong>) ou en nous rendant visite \u00e0 <a href=\"http:\/\/www.earllesfromentaux.com\/fr\/magasin\/\">The Farm Shop<\/a>.<\/p>\n<p>Actuellement, la livraison n&rsquo;est pas possible \u2013 Merci de <a href=\"http:\/\/www.earllesfromentaux.com\/fr\/contact\/\">nous contacter<\/a> pour de plus amples informations concernant notre Boutique Mobile et Soir\u00e9es Tourtes.[\/vc_column_text][\/vc_column][\/vc_row]<\/p>\n<\/div>","protected":false},"excerpt":{"rendered":"<p>[vc_row][vc_column][vc_column_text] Commandes, Collecte et Livraison Vous pouvez commander via notre site en ligne, par email, t\u00e9l\u00e9phone (02 54 25 34 73) ou en nous rendant visite \u00e0 The Farm Shop. Actuellement, la livraison n&rsquo;est pas possible \u2013 Merci de nous contacter pour de plus amples informations concernant notre Boutique Mobile et Soir\u00e9es Tourtes.[\/vc_column_text][\/vc_column][\/vc_row]<\/p>\n","protected":false},"author":2,"featured_media":0,"parent":0,"menu_order":0,"comment_status":"closed","ping_status":"closed","template":"","meta":{"footnotes":""},"class_list":["post-2259","page","type-page","status-publish","hentry"],"aioseo_notices":[],"_links":{"self":[{"href":"https:\/\/earllesfromentaux.com\/fr\/wp-json\/wp\/v2\/pages\/2259","targetHints":{"allow":["GET"]}}],"collection":[{"href":"https:\/\/earllesfromentaux.com\/fr\/wp-json\/wp\/v2\/pages"}],"about":[{"href":"https:\/\/earllesfromentaux.com\/fr\/wp-json\/wp\/v2\/types\/page"}],"author":[{"embeddable":true,"href":"https:\/\/earllesfromentaux.com\/fr\/wp-json\/wp\/v2\/users\/2"}],"replies":[{"embeddable":true,"href":"https:\/\/earllesfromentaux.com\/fr\/wp-json\/wp\/v2\/comments?post=2259"}],"version-history":[{"count":7,"href":"https:\/\/earllesfromentaux.com\/fr\/wp-json\/wp\/v2\/pages\/2259\/revisions"}],"predecessor-version":[{"id":3156,"href":"https:\/\/earllesfromentaux.com\/fr\/wp-json\/wp\/v2\/pages\/2259\/revisions\/3156"}],"wp:attachment":[{"href":"https:\/\/earllesfromentaux.com\/fr\/wp-json\/wp\/v2\/media?parent=2259"}],"curies":[{"name":"wp","href":"https:\/\/api.w.org\/{rel}","templated":true}]}}