{"id":2990,"date":"2020-10-27T12:59:00","date_gmt":"2020-10-27T12:59:00","guid":{"rendered":"https:\/\/www.earllesfromentaux.com\/online-shop\/"},"modified":"2026-03-24T20:05:56","modified_gmt":"2026-03-24T20:05:56","slug":"vente-en-ligne","status":"publish","type":"page","link":"https:\/\/earllesfromentaux.com\/fr\/vente-en-ligne\/","title":{"rendered":"Vente en Ligne"},"content":{"rendered":"<div class=\"wpb-content-wrapper\"><p>[vc_row][vc_column][vc_column_text css=\u00a0\u00bb\u00a0\u00bb]<\/p>\n<h2 style=\"text-align: center;\">La boutique de la ferme<\/h2>\n<p style=\"text-align: center;\">Notre boutique de la ferme est ouverte chaque semaine<br \/>\nVendredi de 11 h \u00e0 16 h<br \/>\nSamedi de 11 h \u00e0 16 h<br \/>\n<strong>(Les horaires d&rsquo;\u00e9t\u00e9 seront mis \u00e0 jour)<\/strong><\/p>\n<p>[\/vc_column_text][\/vc_column][\/vc_row][vc_row equal_height=\u00a0\u00bbyes\u00a0\u00bb content_placement=\u00a0\u00bbmiddle\u00a0\u00bb][vc_column css_animation=\u00a0\u00bbnone\u00a0\u00bb width=\u00a0\u00bb1\/3&Prime; css=\u00a0\u00bb.vc_custom_1773742783516{margin-top: 30px !important;margin-right: 30px !important;margin-bottom: 30px !important;margin-left: 30px !important;background-color: #ede9d5 !important;border-radius: 25px !important;border-color: #45726f !important;}\u00a0\u00bb][vc_single_image image=\u00a0\u00bb3396&Prime; img_size=\u00a0\u00bb\u00a0\u00bb css_animation=\u00a0\u00bbfadeIn\u00a0\u00bb css=\u00a0\u00bb\u00a0\u00bb][vc_column_text css=\u00a0\u00bb\u00a0\u00bb]<\/p>\n<h2 style=\"text-align: left;\">Kit de bienvenue du g\u00eete<\/h2>\n<p>[\/vc_column_text][vc_text_separator title=\u00a0\u00bb\u20ac 30,-\u00a0\u00bb title_align=\u00a0\u00bbseparator_align_left\u00a0\u00bb color=\u00a0\u00bbwhite\u00a0\u00bb css=\u00a0\u00bb\u00a0\u00bb][vc_column_text css=\u00a0\u00bb\u00a0\u00bb]<\/p>\n<p style=\"text-align: left;\">Bo\u00eetes sp\u00e9ciales<\/p>\n<p>[\/vc_column_text][vc_column_text css=\u00a0\u00bb\u00a0\u00bb]<\/p>\n<ul>\n<li>10 tranches de bacon sous vide<\/li>\n<li>6 saucisses (2 par paquet)<\/li>\n<li>6 \u0153ufs<\/li>\n<li>4 rouleaux de saucisse<\/li>\n<li>2 p\u00e2t\u00e9s au fromage et \u00e0 l&rsquo;oignon<\/li>\n<\/ul>\n<p>[\/vc_column_text][\/vc_column][vc_column width=\u00a0\u00bb1\/3&Prime; css=\u00a0\u00bb.vc_custom_1773743119340{margin-top: 30px !important;margin-right: 30px !important;margin-bottom: 30px !important;margin-left: 30px !important;background-color: #f5f9f9 !important;border-radius: 25px !important;border-color: #4a6266 !important;}\u00a0\u00bb][vc_single_image image=\u00a0\u00bb3402&Prime; img_size=\u00a0\u00bb\u00a0\u00bb css_animation=\u00a0\u00bbfadeIn\u00a0\u00bb css=\u00a0\u00bb\u00a0\u00bb][vc_column_text css=\u00a0\u00bb\u00a0\u00bb]<\/p>\n<h2 style=\"text-align: left;\">Bo\u00eetes \u00e0 app\u00e2ts<\/h2>\n<p>[\/vc_column_text][vc_text_separator title=\u00a0\u00bb\u20ac 60,-\u00a0\u00bb title_align=\u00a0\u00bbseparator_align_left\u00a0\u00bb color=\u00a0\u00bbwhite\u00a0\u00bb css=\u00a0\u00bb\u00a0\u00bb][vc_column_text css=\u00a0\u00bb\u00a0\u00bb]<\/p>\n<p style=\"text-align: left;\">Bo\u00eetes sp\u00e9ciales<\/p>\n<p>[\/vc_column_text][vc_column_text css=\u00a0\u00bb\u00a0\u00bb]<\/p>\n<ul>\n<li>Bacon (6 tranches) sous vide, lot de 2<\/li>\n<li>Saucisses (6 x 2)<\/li>\n<li>\u0152ufs (x 6)<\/li>\n<li>Rouleaux de saucisse (x 4)<\/li>\n<li>Tartes maison (x 2)<\/li>\n<li>C\u00f4telette de porc (x 1)<\/li>\n<li>Steak (x 1)<\/li>\n<li>Poulet papillon marin\u00e9<\/li>\n<li>P\u00e2t\u00e9s au fromage et \u00e0 l&rsquo;oignon (x 2)<\/li>\n<\/ul>\n<p>[\/vc_column_text][\/vc_column][vc_column width=\u00a0\u00bb1\/3&Prime; css=\u00a0\u00bb.vc_custom_1773744940844{margin-top: 30px !important;margin-right: 30px !important;margin-bottom: 30px !important;margin-left: 30px !important;border-radius: 25px !important;border-color: #dee9ea !important;}\u00a0\u00bb][vc_single_image image=\u00a0\u00bb3400&Prime; img_size=\u00a0\u00bb\u00a0\u00bb css_animation=\u00a0\u00bbfadeIn\u00a0\u00bb css=\u00a0\u00bb\u00a0\u00bb][vc_column_text css=\u00a0\u00bb\u00a0\u00bb]<\/p>\n<h2 style=\"text-align: left;\">Fromage et chutney<\/h2>\n<p>[\/vc_column_text][vc_text_separator title=\u00a0\u00bb\u20ac 20,-\u00a0\u00bb title_align=\u00a0\u00bbseparator_align_left\u00a0\u00bb css=\u00a0\u00bb\u00a0\u00bb][vc_column_text css=\u00a0\u00bb\u00a0\u00bb]<\/p>\n<p style=\"text-align: left;\">(r\u00e9servation obligatoire)<\/p>\n<p>[\/vc_column_text][vc_column_text css=\u00a0\u00bb\u00a0\u00bb]<\/p>\n<h3>Informations compl\u00e9mentaires<\/h3>\n<p>Pour passer une commande, veuillez nous contacter et nous vous relancerons afin de confirmer une date de livraison ou de retrait \u00e0 notre magasin \u00e0 la ferme.<\/p>\n<p><strong>Tous nos produits sont frais et proviennent de notre exploitation ou de producteurs locaux et artisanaux<\/strong>[\/vc_column_text][\/vc_column][\/vc_row][vc_row][vc_column width=\u00a0\u00bb1\/6&Prime;][\/vc_column][vc_column width=\u00a0\u00bb2\/3&Prime;][vc_column_text css=\u00a0\u00bb\u00a0\u00bb]<\/p>\n<h2 style=\"text-align: center;\">Ou manger au restaurant<\/h2>\n<p>[\/vc_column_text][vc_column_text css=\u00a0\u00bb\u00a0\u00bb]<\/p>\n<p style=\"text-align: center;\">D\u00e9couvrez la v\u00e9ritable signification de l&rsquo;expression \u00ab de la ferme \u00e0 l&rsquo;assiette \u00bb.<br \/>\nNotre restaurant vous accueille pour vous faire d\u00e9couvrir une carte \u00e9labor\u00e9e \u00e0 partir de nos propres r\u00e9coltes et de viandes locales de premi\u00e8re qualit\u00e9.<\/p>\n<p>[\/vc_column_text][vc_btn title=\u00a0\u00bbAfficher le menu\u00a0\u00bb style=\u00a0\u00bboutline\u00a0\u00bb shape=\u00a0\u00bbsquare\u00a0\u00bb color=\u00a0\u00bbgreen\u00a0\u00bb align=\u00a0\u00bbcenter\u00a0\u00bb css=\u00a0\u00bb\u00a0\u00bb link=\u00a0\u00bburl:https%3A%2F%2Fearllesfromentaux.com%2Frestaurant%2F|title:Restaurant\u00a0\u00bb][\/vc_column][vc_column width=\u00a0\u00bb1\/6&Prime;][\/vc_column][\/vc_row]<\/p>\n<\/div>","protected":false},"excerpt":{"rendered":"<p>[vc_row][vc_column][vc_column_text css=\u00a0\u00bb\u00a0\u00bb] La boutique de la ferme Notre boutique de la ferme est ouverte chaque semaine Vendredi de 11 h \u00e0 16 h Samedi de 11 h \u00e0 16 h (Les horaires d&rsquo;\u00e9t\u00e9 seront mis \u00e0 jour) [\/vc_column_text][\/vc_column][\/vc_row][vc_row equal_height=\u00a0\u00bbyes\u00a0\u00bb content_placement=\u00a0\u00bbmiddle\u00a0\u00bb][vc_column css_animation=\u00a0\u00bbnone\u00a0\u00bb width=\u00a0\u00bb1\/3&Prime; css=\u00a0\u00bb.vc_custom_1773742783516{margin-top: 30px !important;margin-right: 30px !important;margin-bottom: 30px !important;margin-left: 30px !important;background-color: #ede9d5 !important;border-radius: 25px !important;border-color: [&hellip;]<\/p>\n","protected":false},"author":1,"featured_media":0,"parent":0,"menu_order":0,"comment_status":"closed","ping_status":"closed","template":"","meta":{"footnotes":""},"class_list":["post-2990","page","type-page","status-publish","hentry"],"aioseo_notices":[],"_links":{"self":[{"href":"https:\/\/earllesfromentaux.com\/fr\/wp-json\/wp\/v2\/pages\/2990","targetHints":{"allow":["GET"]}}],"collection":[{"href":"https:\/\/earllesfromentaux.com\/fr\/wp-json\/wp\/v2\/pages"}],"about":[{"href":"https:\/\/earllesfromentaux.com\/fr\/wp-json\/wp\/v2\/types\/page"}],"author":[{"embeddable":true,"href":"https:\/\/earllesfromentaux.com\/fr\/wp-json\/wp\/v2\/users\/1"}],"replies":[{"embeddable":true,"href":"https:\/\/earllesfromentaux.com\/fr\/wp-json\/wp\/v2\/comments?post=2990"}],"version-history":[{"count":10,"href":"https:\/\/earllesfromentaux.com\/fr\/wp-json\/wp\/v2\/pages\/2990\/revisions"}],"predecessor-version":[{"id":3460,"href":"https:\/\/earllesfromentaux.com\/fr\/wp-json\/wp\/v2\/pages\/2990\/revisions\/3460"}],"wp:attachment":[{"href":"https:\/\/earllesfromentaux.com\/fr\/wp-json\/wp\/v2\/media?parent=2990"}],"curies":[{"name":"wp","href":"https:\/\/api.w.org\/{rel}","templated":true}]}}