{"id":3410,"date":"2026-03-17T12:06:53","date_gmt":"2026-03-17T12:06:53","guid":{"rendered":"https:\/\/earllesfromentaux.com\/?page_id=3410"},"modified":"2026-03-24T20:10:00","modified_gmt":"2026-03-24T20:10:00","slug":"restaurant","status":"publish","type":"page","link":"https:\/\/earllesfromentaux.com\/fr\/restaurant\/","title":{"rendered":"Restaurant"},"content":{"rendered":"<div class=\"wpb-content-wrapper\"><p>[vc_row content_placement=\u00a0\u00bbmiddle\u00a0\u00bb fullwidth=\u00a0\u00bbtrue\u00a0\u00bb css=\u00a0\u00bb.vc_custom_1773746086280{background-image: url(https:\/\/earllesfromentaux.com\/wp-content\/uploads\/2026\/03\/les-fromentaux-farm-restaurant.webp?id=3412) !important;background-position: center !important;background-repeat: no-repeat !important;background-size: cover !important;}\u00a0\u00bb][vc_column width=\u00a0\u00bb1\/6&Prime; css=\u00a0\u00bb.vc_custom_1773415393639{background-position: center !important;background-repeat: no-repeat !important;background-size: contain !important;}\u00a0\u00bb][\/vc_column][vc_column width=\u00a0\u00bb2\/3&Prime;][\/vc_column][vc_column width=\u00a0\u00bb1\/6&Prime;][\/vc_column][\/vc_row][vc_row css=\u00a0\u00bb.vc_custom_1773745022718{margin-bottom: -60px !important;}\u00a0\u00bb][vc_column width=\u00a0\u00bb1\/6&Prime;][\/vc_column][vc_column width=\u00a0\u00bb2\/3&Prime; css=\u00a0\u00bb.vc_custom_1773751490400{margin-bottom: -60px !important;}\u00a0\u00bb][vc_column_text css=\u00a0\u00bb\u00a0\u00bb]<\/p>\n<h1 style=\"text-align: center;\">The Farm Restaurant<\/h1>\n<p>[\/vc_column_text][vc_column_text css=\u00a0\u00bb\u00a0\u00bb]<\/p>\n<p style=\"text-align: center;\">Pull up a chair and escape the rush of everyday life. At our farmhouse restaurant, it\u2019s all about the authentic flavors of the countryside and the warmth of a home-cooked meal.<\/p>\n<p style=\"text-align: center;\">With ingredients sourced directly from our fields and carefully selected local livestock, we offer a culinary experience that feels just like coming home.<\/p>\n<p style=\"text-align: center;\">Our Farm Restaurant is open on:<\/p>\n<p style=\"text-align: center;\"><strong>Friday 11h00 &#8211; 16h00<\/strong><br \/>\n<strong>Saturday 11h00 &#8211; 16h00<br \/>\n<\/strong><br \/>\nSummer hours opening will be updated. Sunday lunches dates to be confirmed.[\/vc_column_text][\/vc_column][vc_column width=\u00a0\u00bb1\/6&Prime;][\/vc_column][\/vc_row][vc_row equal_height=\u00a0\u00bbyes\u00a0\u00bb content_placement=\u00a0\u00bbmiddle\u00a0\u00bb css_animation=\u00a0\u00bbfadeIn\u00a0\u00bb css=\u00a0\u00bb.vc_custom_1773750728695{margin-top: -60px !important;}\u00a0\u00bb][vc_column css_animation=\u00a0\u00bbnone\u00a0\u00bb width=\u00a0\u00bb2\/3&Prime; css=\u00a0\u00bb.vc_custom_1773750195296{margin-top: 30px !important;margin-right: 30px !important;margin-bottom: 30px !important;margin-left: 30px !important;padding-top: 30px !important;padding-right: 30px !important;padding-bottom: 30px !important;padding-left: 30px !important;background-color: #ede9d5 !important;border-radius: 25px !important;border-color: #45726f !important;}\u00a0\u00bb][vc_column_text css=\u00a0\u00bb\u00a0\u00bb]<\/p>\n<h2 style=\"text-align: left;\">Brunch Menu<\/h2>\n<p>[\/vc_column_text][vc_text_separator title=\u00a0\u00bb\u20ac 15,-\u00a0\u00bb title_align=\u00a0\u00bbseparator_align_left\u00a0\u00bb color=\u00a0\u00bbwhite\u00a0\u00bb css=\u00a0\u00bb\u00a0\u00bb][vc_column_text css=\u00a0\u00bb\u00a0\u00bb]<\/p>\n<p style=\"text-align: left;\">All Inclusive \/ Tout Compris<\/p>\n<p>[\/vc_column_text][vc_column_text css=\u00a0\u00bb\u00a0\u00bb]<\/p>\n<ul>\n<li>Bacon<\/li>\n<li>Sausages \/ Saucisse<\/li>\n<li>Eggs \/ \u0153fs<\/li>\n<li>Mushroom \/ Champignon<\/li>\n<li>Tomatoes \/ Tomates frites<\/li>\n<li>Fried potatoes \/ Pommes de terre saut\u00e9es<\/li>\n<li>Baked beans \/ Haricot blancs sauce tomates<\/li>\n<li>Black pudding \/ Boudin noir<\/li>\n<li>Fried bread or toast \/ Pain frit ou toast<\/li>\n<\/ul>\n<p>Tea or Coffee and Juice \/<br \/>\nTh\u00e9 ou Caf\u00e9 et du Jus[\/vc_column_text][\/vc_column][vc_column width=\u00a0\u00bb1\/3&Prime; css=\u00a0\u00bb.vc_custom_1773751518851{margin-top: 30px !important;margin-right: 30px !important;margin-bottom: 30px !important;margin-left: 30px !important;background: #b7c9c9 url(https:\/\/earllesfromentaux.com\/wp-content\/uploads\/2026\/03\/les-fromentaux-restaurant-brunch-menu.webp?id=3420) !important;background-position: center !important;background-repeat: no-repeat !important;background-size: cover !important;border-radius: 25px !important;}\u00a0\u00bb][\/vc_column][\/vc_row][vc_row content_placement=\u00a0\u00bbmiddle\u00a0\u00bb css_animation=\u00a0\u00bbfadeIn\u00a0\u00bb css=\u00a0\u00bb.vc_custom_1773750836656{margin-top: -90px !important;margin-bottom: -90px !important;border-color: #dee9ea !important;}\u00a0\u00bb][vc_column width=\u00a0\u00bb1\/4&Prime; css=\u00a0\u00bb.vc_custom_1773749133085{margin-top: 30px !important;margin-right: 30px !important;margin-bottom: 30px !important;margin-left: 30px !important;border-radius: 25px !important;}\u00a0\u00bb][\/vc_column][vc_column width=\u00a0\u00bb1\/2&Prime;][vc_separator style=\u00a0\u00bbdashed\u00a0\u00bb el_width=\u00a0\u00bb50&Prime; css=\u00a0\u00bb\u00a0\u00bb][vc_column_text css=\u00a0\u00bb\u00a0\u00bb]<\/p>\n<h2 style=\"text-align: center;\">Sandwiches<\/h2>\n<p>[\/vc_column_text][vc_text_separator title=\u00a0\u00bb\u20ac 6,- | Mix of 2 \/ Assortiment de 2 \u20ac 8,-\u00a0\u00bb color=\u00a0\u00bbwhite\u00a0\u00bb css=\u00a0\u00bb\u00a0\u00bb][vc_column_text css=\u00a0\u00bb\u00a0\u00bb]<\/p>\n<p style=\"text-align: center;\">with Bacon, Sausage and Egg<br \/>\navec Bacon, Saucisse et \u0153uf[\/vc_column_text][vc_separator style=\u00a0\u00bbdashed\u00a0\u00bb el_width=\u00a0\u00bb50&Prime; css=\u00a0\u00bb\u00a0\u00bb][\/vc_column][vc_column width=\u00a0\u00bb1\/4&Prime;][\/vc_column][\/vc_row][vc_row equal_height=\u00a0\u00bbyes\u00a0\u00bb content_placement=\u00a0\u00bbmiddle\u00a0\u00bb css_animation=\u00a0\u00bbfadeIn\u00a0\u00bb][vc_column width=\u00a0\u00bb1\/3&Prime; css=\u00a0\u00bb.vc_custom_1773751528666{margin-top: 30px !important;margin-right: 30px !important;margin-bottom: 30px !important;margin-left: 30px !important;background: #b7c9c9 url(https:\/\/earllesfromentaux.com\/wp-content\/uploads\/2026\/03\/les-fromentaux-coffee-at-farm-restaurant.webp?id=3414) !important;background-position: center !important;background-repeat: no-repeat !important;background-size: cover !important;border-radius: 25px !important;}\u00a0\u00bb][\/vc_column][vc_column css_animation=\u00a0\u00bbnone\u00a0\u00bb width=\u00a0\u00bb2\/3&Prime; css=\u00a0\u00bb.vc_custom_1773750530073{margin-top: 30px !important;margin-right: 30px !important;margin-bottom: 30px !important;margin-left: 30px !important;padding-top: 30px !important;padding-right: 30px !important;padding-bottom: 30px !important;padding-left: 30px !important;background-color: #f5f9f9 !important;border-radius: 25px !important;border-color: #45726f !important;}\u00a0\u00bb][vc_column_text css=\u00a0\u00bb\u00a0\u00bb]<\/p>\n<h2 style=\"text-align: left;\">Drink Menu \/ Carte des Boissons<\/h2>\n<p>[\/vc_column_text][vc_column_text css=\u00a0\u00bb\u00a0\u00bb]<strong>Coffee \/ Caf\u00e9\u00a0 \u20ac 2,-<\/strong><\/p>\n<p>Espresso<br \/>\nLatt\u00e9<br \/>\nDecafe \/ Caf\u00e9 D\u00e9caf\u00e9in\u00e9<\/p>\n<p><strong>Tea \/ Th\u00e9\u00a0 \u20ac 1,50<\/strong><\/p>\n<p>English \/ Anglais<br \/>\nSpeciality Teas \/ Des th\u00e9&rsquo;s de sp\u00e9cialit\u00e9<\/p>\n<p>Green, Mint, Lemon, Red Fruits, Lemon &amp; Ginger<br \/>\nVert, Menthe Citron, Fruits Rouges, Citron &amp; Gingembre<\/p>\n<p><strong>Soft Drinks \/ Sodas &amp; Jus de Fruit \u20ac 2,-<\/strong><\/p>\n<p>Coke, Lemonade, Orangina, Orange Juice, Apple Juice, Fizzy water<br \/>\nCoke, Limonade, Orangina, Jus d&rsquo;orange, Jus de Pomme, Eau gazeuse<\/p>\n<p>&nbsp;<\/p>\n<p>Wine and beer on request, with meals only. Non dairy milk available.<br \/>\nVin et bi\u00e8re sur demande, uniquement avec les repas. Lait non laitier disponible.[\/vc_column_text][\/vc_column][\/vc_row][vc_row][vc_column width=\u00a0\u00bb1\/6&Prime;][\/vc_column][vc_column width=\u00a0\u00bb2\/3&Prime;][vc_column_text css=\u00a0\u00bb\u00a0\u00bb]<\/p>\n<h2 style=\"text-align: center;\">Or Visit Our Farm Shop<\/h2>\n<p>[\/vc_column_text][vc_column_text css=\u00a0\u00bb\u00a0\u00bb]<\/p>\n<p style=\"text-align: center;\">Experience the true meaning of \u00ab\u00a0Farm to Fork.\u00a0\u00bb<br \/>\nOur restaurant is open to enjoy a menu crafted from our own harvest and premium local meats.[\/vc_column_text][vc_btn title=\u00a0\u00bbFarm Shop\u00a0\u00bb style=\u00a0\u00bboutline\u00a0\u00bb shape=\u00a0\u00bbsquare\u00a0\u00bb color=\u00a0\u00bbgreen\u00a0\u00bb align=\u00a0\u00bbcenter\u00a0\u00bb css=\u00a0\u00bb\u00a0\u00bb link=\u00a0\u00bburl:https%3A%2F%2Fearllesfromentaux.com%2Ffr%2Fboutique%2F|title:Farm%20Shop\u00a0\u00bb][\/vc_column][vc_column width=\u00a0\u00bb1\/6&Prime;][\/vc_column][\/vc_row]<\/p>\n<\/div>","protected":false},"excerpt":{"rendered":"<p>[vc_row content_placement=\u00a0\u00bbmiddle\u00a0\u00bb fullwidth=\u00a0\u00bbtrue\u00a0\u00bb css=\u00a0\u00bb.vc_custom_1773746086280{background-image: url(https:\/\/earllesfromentaux.com\/wp-content\/uploads\/2026\/03\/les-fromentaux-farm-restaurant.webp?id=3412) !important;background-position: center !important;background-repeat: no-repeat !important;background-size: cover !important;}\u00a0\u00bb][vc_column width=\u00a0\u00bb1\/6&Prime; css=\u00a0\u00bb.vc_custom_1773415393639{background-position: center !important;background-repeat: no-repeat !important;background-size: contain !important;}\u00a0\u00bb][\/vc_column][vc_column width=\u00a0\u00bb2\/3&Prime;][\/vc_column][vc_column width=\u00a0\u00bb1\/6&Prime;][\/vc_column][\/vc_row][vc_row css=\u00a0\u00bb.vc_custom_1773745022718{margin-bottom: -60px !important;}\u00a0\u00bb][vc_column width=\u00a0\u00bb1\/6&Prime;][\/vc_column][vc_column width=\u00a0\u00bb2\/3&Prime; css=\u00a0\u00bb.vc_custom_1773751490400{margin-bottom: -60px !important;}\u00a0\u00bb][vc_column_text css=\u00a0\u00bb\u00a0\u00bb] The Farm Restaurant [\/vc_column_text][vc_column_text css=\u00a0\u00bb\u00a0\u00bb] Pull up a chair and escape the rush of everyday life. At our farmhouse restaurant, it\u2019s all about the [&hellip;]<\/p>\n","protected":false},"author":4,"featured_media":0,"parent":0,"menu_order":0,"comment_status":"closed","ping_status":"closed","template":"","meta":{"footnotes":""},"class_list":["post-3410","page","type-page","status-publish","hentry"],"aioseo_notices":[],"_links":{"self":[{"href":"https:\/\/earllesfromentaux.com\/fr\/wp-json\/wp\/v2\/pages\/3410","targetHints":{"allow":["GET"]}}],"collection":[{"href":"https:\/\/earllesfromentaux.com\/fr\/wp-json\/wp\/v2\/pages"}],"about":[{"href":"https:\/\/earllesfromentaux.com\/fr\/wp-json\/wp\/v2\/types\/page"}],"author":[{"embeddable":true,"href":"https:\/\/earllesfromentaux.com\/fr\/wp-json\/wp\/v2\/users\/4"}],"replies":[{"embeddable":true,"href":"https:\/\/earllesfromentaux.com\/fr\/wp-json\/wp\/v2\/comments?post=3410"}],"version-history":[{"count":19,"href":"https:\/\/earllesfromentaux.com\/fr\/wp-json\/wp\/v2\/pages\/3410\/revisions"}],"predecessor-version":[{"id":3461,"href":"https:\/\/earllesfromentaux.com\/fr\/wp-json\/wp\/v2\/pages\/3410\/revisions\/3461"}],"wp:attachment":[{"href":"https:\/\/earllesfromentaux.com\/fr\/wp-json\/wp\/v2\/media?parent=3410"}],"curies":[{"name":"wp","href":"https:\/\/api.w.org\/{rel}","templated":true}]}}